{"id":527,"date":"2021-04-01T22:26:28","date_gmt":"2021-04-01T20:26:28","guid":{"rendered":"http:\/\/blog.be.ad-sys.de\/?page_id=527"},"modified":"2024-11-07T09:52:36","modified_gmt":"2024-11-07T08:52:36","slug":"impress","status":"publish","type":"page","link":"https:\/\/alarm-dispatcher.de\/en\/impress\/","title":{"rendered":"Legal Notice"},"content":{"rendered":"<div data-elementor-type=\"wp-page\" data-elementor-id=\"527\" class=\"elementor elementor-527\" data-elementor-post-type=\"page\">\n\t\t\t\t\t\t<section class=\"elementor-section elementor-top-section elementor-element elementor-element-28bd185 elementor-section-boxed elementor-section-height-default elementor-section-height-default\" data-id=\"28bd185\" data-element_type=\"section\" data-e-type=\"section\">\n\t\t\t\t\t\t<div class=\"elementor-container elementor-column-gap-default\">\n\t\t\t\t\t<div class=\"elementor-column elementor-col-100 elementor-top-column elementor-element elementor-element-234ce11\" data-id=\"234ce11\" data-element_type=\"column\" data-e-type=\"column\">\n\t\t\t<div class=\"elementor-widget-wrap elementor-element-populated\">\n\t\t\t\t\t\t<div class=\"elementor-element elementor-element-28eb96e elementor-widget elementor-widget-heading\" data-id=\"28eb96e\" data-element_type=\"widget\" data-e-type=\"widget\" data-widget_type=\"heading.default\">\n\t\t\t\t<div class=\"elementor-widget-container\">\n\t\t\t\t\t<h2 class=\"elementor-heading-title elementor-size-default\">Legal Notice<\/h2>\t\t\t\t<\/div>\n\t\t\t\t<\/div>\n\t\t\t\t<div class=\"elementor-element elementor-element-8c153e3 elementor-widget elementor-widget-text-editor\" data-id=\"8c153e3\" data-element_type=\"widget\" data-e-type=\"widget\" data-widget_type=\"text-editor.default\">\n\t\t\t\t<div class=\"elementor-widget-container\">\n\t\t\t\t\t\t\t\t\t<div class=\"impress\">\n<h4>Angaben gem\u00e4\u00df \u00a7 5 DDG<\/h4>\n<p>Alarm Dispatcher Systems GmbH<br>Breitscheidstr. 84<br>01237 Dresden<\/p>\n<p>Phone: +49 351 \/ 418836 10<br>E-Mail: info@alarm-dispatcher.de<\/p>\n<p>Represented by the managing directors Willi Schmidt and Maximilian Stein<\/p>\n<p>Sales tax identification number acc. \u00a7 27A UStG: DE307260690<\/p>\n<p>Entry in the commercial register.<br>Register court: Dresden Local Court<br>Register number: HRB 35634<\/p>\n<p>Responsible for content: Willi Schmidt<\/p>\n<\/div>\n<div class=\"impress block\">\n<h2>Legal information (disclaimer)<\/h2>\n<h4>Liability for contents<\/h4>\n<p>As a service provider, we are responsible for our own content on these pages in accordance with Section 7 (1) TMG (German Telemedia Act) and general legislation. According to \u00a7\u00a7 8 to 10 TMG, however, we as a service provider are not obliged to monitor transmitted or stored third-party information or to investigate circumstances that indicate illegal activity. Obligations to remove or block the use of information in accordance with general legislation remain unaffected by this. However, liability in this respect is only possible from the time of knowledge of a specific infringement. As soon as we become aware of such infringements, we will remove this content immediately.<\/p>\n<h4>Liability for links<\/h4>\n<p>Our website contains links to external third-party websites over whose content we have no influence. Therefore, we cannot accept any liability for this third-party content. The respective provider or operator of the pages is always responsible for the content of the linked pages. The linked pages were checked for possible legal violations at the time of linking. Illegal content was not recognizable at the time of linking. However, permanent monitoring of the content of the linked pages is not reasonable without concrete evidence of an infringement. If we become aware of any legal infringements, we will remove such links immediately.<\/p>\n<h4>Copyright<\/h4>\n<p>The content and works created by the site operators on these pages are subject to German copyright law. Duplication, processing, distribution and any kind of exploitation outside the limits of copyright law require the written consent of the respective author or creator. Downloads and copies of this site are only permitted for private, non-commercial use. Insofar as the content on this site was not created by the operator, the copyrights of third parties are respected. In particular, third-party content is identified as such. Should you nevertheless become aware of a copyright infringement, please inform us accordingly. If we become aware of any infringements, we will remove such content immediately.<\/p>\n<\/div>\n<div class=\"impress\">\n<h2>Picture credits<\/h2>\n<p>Icons by <a title=\"Vectors Market\" href=\"https:\/\/www.flaticon.com\/authors\/vectors-market\">Vectors Market<\/a> from <a title=\"Flaticon\" href=\"https:\/\/www.flaticon.com\/\">www.flaticon.com<\/a> is licensed by <a title=\"Creative Commons BY 3.0\" href=\"http:\/\/creativecommons.org\/licenses\/by\/3.0\/\" target=\"_blank\" rel=\"noopener\">CC 3.0 BY<\/a><\/p>\n<p>Icons by <a title=\"Smashicons\" href=\"https:\/\/www.flaticon.com\/authors\/smashicons\">Smashicons<\/a> from <a title=\"Flaticon\" href=\"https:\/\/www.flaticon.com\/\">www.flaticon.com<\/a> is licensed by <a title=\"Creative Commons BY 3.0\" href=\"http:\/\/creativecommons.org\/licenses\/by\/3.0\/\" target=\"_blank\" rel=\"noopener\">CC 3.0 BY<\/a><\/p>\n<p>Icons by <a title=\"Freepik\" href=\"https:\/\/www.freepik.com\/\">Freepik<\/a> from <a title=\"Flaticon\" href=\"https:\/\/www.flaticon.com\/\">www.flaticon.com<\/a> is licensed by <a title=\"Creative Commons BY 3.0\" href=\"http:\/\/creativecommons.org\/licenses\/by\/3.0\/\" target=\"_blank\" rel=\"noopener\">CC 3.0 BY<\/a><\/p>\n<p>Icons made by <a title=\"DinosoftLabs\" href=\"https:\/\/www.flaticon.com\/authors\/dinosoftlabs\">DinosoftLabs<\/a> from <a title=\"Flaticon\" href=\"https:\/\/www.flaticon.com\/\">www.flaticon.com<\/a><\/p>\n<p>Icons made by <a title=\"Eucalyp\" href=\"https:\/\/www.flaticon.com\/authors\/eucalyp\">Eucalyp<\/a> from <a title=\"Flaticon\" href=\"https:\/\/www.flaticon.com\/\">www.flaticon.com<\/a> is licensed by <a title=\"Creative Commons BY 3.0\" href=\"http:\/\/creativecommons.org\/licenses\/by\/3.0\/\" target=\"_blank\" rel=\"noopener\">CC 3.0 BY<\/a><\/p>\n<p>Icons made by <a title=\"pongsakornRed\" href=\"https:\/\/www.flaticon.com\/authors\/pongsakornred\">pongsakornRed<\/a> from <a title=\"Flaticon\" href=\"https:\/\/www.flaticon.com\/\">www.flaticon.com<\/a><\/p>\n<\/div>\t\t\t\t\t\t\t\t<\/div>\n\t\t\t\t<\/div>\n\t\t\t\t\t<\/div>\n\t\t<\/div>\n\t\t\t\t\t<\/div>\n\t\t<\/section>\n\t\t\t\t<\/div>","protected":false},"excerpt":{"rendered":"<p>Impressum Angaben gem\u00e4\u00df \u00a7 5 DDG Alarm Dispatcher Systems GmbHBreitscheidstr. 8401237 Dresden Telefon: 0351 \/ 418836 10E-Mail: info@alarm-dispatcher.de Vertreten durch die Gesch\u00e4ftsf\u00fchrer Willi Schmidt und Maximilian Stein Umsatzsteuer-Identifikationsnummer gem. \u00a7 27A UStG: DE307260690 Eintragung im Handelsregister.Registergericht: Amtsgericht DresdenRegisternummer: HRB 35634 Inhaltlich Verantwortlicher: Willi Schmidt Rechtliche Hinweise (Disclaimer) Haftung f\u00fcr Inhalte Als Diensteanbieter sind wir gem\u00e4\u00df [&hellip;]<\/p>\n","protected":false},"author":1,"featured_media":0,"parent":0,"menu_order":0,"comment_status":"closed","ping_status":"closed","template":"elementor_header_footer","meta":{"inline_featured_image":false,"footnotes":""},"class_list":["post-527","page","type-page","status-publish","hentry"],"_links":{"self":[{"href":"https:\/\/alarm-dispatcher.de\/en\/wp-json\/wp\/v2\/pages\/527","targetHints":{"allow":["GET"]}}],"collection":[{"href":"https:\/\/alarm-dispatcher.de\/en\/wp-json\/wp\/v2\/pages"}],"about":[{"href":"https:\/\/alarm-dispatcher.de\/en\/wp-json\/wp\/v2\/types\/page"}],"author":[{"embeddable":true,"href":"https:\/\/alarm-dispatcher.de\/en\/wp-json\/wp\/v2\/users\/1"}],"replies":[{"embeddable":true,"href":"https:\/\/alarm-dispatcher.de\/en\/wp-json\/wp\/v2\/comments?post=527"}],"version-history":[{"count":28,"href":"https:\/\/alarm-dispatcher.de\/en\/wp-json\/wp\/v2\/pages\/527\/revisions"}],"predecessor-version":[{"id":3092,"href":"https:\/\/alarm-dispatcher.de\/en\/wp-json\/wp\/v2\/pages\/527\/revisions\/3092"}],"wp:attachment":[{"href":"https:\/\/alarm-dispatcher.de\/en\/wp-json\/wp\/v2\/media?parent=527"}],"curies":[{"name":"wp","href":"https:\/\/api.w.org\/{rel}","templated":true}]}}